{"id":2246,"date":"2022-12-22T11:53:48","date_gmt":"2022-12-22T10:53:48","guid":{"rendered":"https:\/\/farnaherrgard.se\/about-farna\/"},"modified":"2025-09-01T11:05:56","modified_gmt":"2025-09-01T09:05:56","slug":"about-farna","status":"publish","type":"page","link":"https:\/\/farnaherrgard.se\/en\/about-farna\/","title":{"rendered":"About F\u00e4rna"},"content":{"rendered":"\n\n  <div class=\"banner has-hover subpage-title has-parallax\" id=\"banner-593781633\">\n          <div class=\"banner-inner fill\">\n        <div class=\"banner-bg fill\" data-parallax=\"-1\" data-parallax-container=\".banner\" data-parallax-background>\n            <img loading=\"lazy\" decoding=\"async\" width=\"2560\" height=\"1920\" src=\"https:\/\/farnaherrgard.se\/wp-content\/uploads\/2024\/07\/IMG_4012-scaled-e1736422465957.jpeg\" class=\"bg attachment-original size-original\" alt=\"\" \/>                                    \n                    <\/div>\n\t\t\n        <div class=\"banner-layers container\">\n            <div class=\"fill banner-link\"><\/div>            \n\n   <div id=\"text-box-631054279\" class=\"text-box banner-layer x0 md-x0 lg-x0 y80 md-y80 lg-y80 res-text\">\n                     <div data-animate=\"fadeInUp\">           <div class=\"text-box-content text dark\">\n              \n              <div class=\"text-inner text-left\">\n                  \n\n<h1>About F\u00e4rna<\/h1>\n\n              <\/div>\n           <\/div>\n       <\/div>                     \n<style>\n#text-box-631054279 {\n  margin: 0px 0px 0px 15px;\n  width: 40%;\n}\n#text-box-631054279 .text-box-content {\n  font-size: 100%;\n}\n<\/style>\n    <\/div>\n \n\n        <\/div>\n      <\/div>\n\n            \n<style>\n#banner-593781633 {\n  padding-top: 50vh;\n}\n#banner-593781633 .banner-bg img {\n  object-position: 32% 35%;\n}\n<\/style>\n  <\/div>\n\n\n\n\t<section class=\"section col-section jernstampel-gul\" id=\"section_638979322\">\n\t\t<div class=\"section-bg fill\" >\n\t\t\t\t\t\t\t\t\t\n\t\t\t\n\n\t\t<\/div>\n\n\t\t\n\n\t\t<div class=\"section-content relative\">\n\t\t\t\n\n<div class=\"row align-middle\"  id=\"row-1261999108\">\n\n\n\t<div id=\"col-993909756\" class=\"col hide-for-small medium-12 small-12 large-5\"  data-animate=\"fadeInLeft\">\n\t\t\t\t<div class=\"col-inner\"  >\n\t\t\t\n\t\t\t\n\n\t<div class=\"img has-hover x md-x lg-x y md-y lg-y\" id=\"image_1351554921\">\n\t\t\t\t\t\t\t\t<div class=\"img-inner image-cover dark\" style=\"padding-top:130%;\">\n\t\t\t<img loading=\"lazy\" decoding=\"async\" width=\"1920\" height=\"1280\" src=\"https:\/\/farnaherrgard.se\/wp-content\/uploads\/2025\/05\/Fotograf-Emma-Nilsson-CSR-Farna-Herrgard-4556.jpg\" class=\"attachment-original size-original\" alt=\"\" srcset=\"https:\/\/farnaherrgard.se\/wp-content\/uploads\/2025\/05\/Fotograf-Emma-Nilsson-CSR-Farna-Herrgard-4556.jpg 1920w, https:\/\/farnaherrgard.se\/wp-content\/uploads\/2025\/05\/Fotograf-Emma-Nilsson-CSR-Farna-Herrgard-4556-300x200.jpg 300w, https:\/\/farnaherrgard.se\/wp-content\/uploads\/2025\/05\/Fotograf-Emma-Nilsson-CSR-Farna-Herrgard-4556-1024x683.jpg 1024w, https:\/\/farnaherrgard.se\/wp-content\/uploads\/2025\/05\/Fotograf-Emma-Nilsson-CSR-Farna-Herrgard-4556-768x512.jpg 768w, https:\/\/farnaherrgard.se\/wp-content\/uploads\/2025\/05\/Fotograf-Emma-Nilsson-CSR-Farna-Herrgard-4556-1536x1024.jpg 1536w\" sizes=\"auto, (max-width: 1920px) 100vw, 1920px\" \/>\t\t\t\t\t\t\n\t\t\t\t\t<\/div>\n\t\t\t\t\t\t\t\t\n<style>\n#image_1351554921 {\n  width: 60%;\n}\n<\/style>\n\t<\/div>\n\t\n\n\n\t\t<\/div>\n\t\t\t\t\t<\/div>\n\n\t\n\n\t<div id=\"col-1372259639\" class=\"col text-column medium-12 small-12 large-7\"  data-animate=\"fadeInRight\">\n\t\t\t\t<div class=\"col-inner\"  >\n\t\t\t\n\t\t\t\n\n<h2>About us<\/h2>\n<p>The contrast between manor house life and forest, chandelier and garden land, is something we love and want to share with you. To be able to offer food made from raw materials from us and our local farmers feels special, almost as special as being able to sink into a warm bath under the open sky after a walk in the mushroom forest.<\/p>\n<p>F\u00e4rna is a place to enjoy, whether you are here for a romantic weekend, a relaxing time at the spa, a celebration of someone you love or a conference with wonderful colleagues.<br>We cherish the natural ingredients that are the basis of all our cooking. In addition to our close farmers, we have our own kitchen garden and mountain forests. The restaurant is KRAV-labeled, Slow Food-inspired and selected by Chaine des Rotisseurs, White Guide and 360\u00b0Eat Guide.<\/p>\n<p>We have the honour of working in a historic location dating back to the 17th century. The beautiful buildings tell stories of a bygone era of iron and forestry. The manor house is located in the middle of the magical Bergslagen region, adjacent to a beautiful nature reserve and surrounded by two peaceful lakes. The proximity of a fantastic nature to discover along the hiking trails that surround F\u00e4rna.<\/p>\n<p>There is also F\u00e4rna Herrg\u00e5rdsbod, a 300 sqm shop with carefully selected clothes and furnishings. The Ferna Forge Brewery is a stone&#8217;s throw from the manor. Sweden&#8217;s nicest microbrewery that produces beer with an incredible passion and they even produce our own beer.<\/p>\n<p>On our land you will also find F\u00e4rna Odlingar, which today has 50,000 currant plants and 20,000 rhubarb plants for its production of non-alcoholic premium drink.<br>With us you can really experience the contrast between the beautiful manor salons and the down-to-earth mountain nature.<\/p>\n<p><strong>F\u00e4rna Herrg\u00e5rd is located <\/strong><strong>40 minutes <br>to 2 hours drive from:<\/strong><\/p>\n<p>V\u00e4ster\u00e5s 54 km<br>Eskilstuna 79 km<br>\u00d6rebro 90 km<br>Borl\u00e4nge 100 km<br>Uppsala 130 km<br>Stockholm 160 km<\/p>\n<div class=\"accordion\">\n\n\n<\/div>\n\n\t\t<\/div>\n\t\t\t\t\t<\/div>\n\n\t\n\n<\/div>\n\n\t\t<\/div>\n\n\t\t\n<style>\n#section_638979322 {\n  padding-top: 30px;\n  padding-bottom: 30px;\n  background-color: rgb(238, 232, 228);\n}\n<\/style>\n\t<\/section>\n\t\n\n\t<section class=\"section col-section jernstampel dark\" id=\"section_1689666281\">\n\t\t<div class=\"section-bg fill\" >\n\t\t\t\t\t\t\t\t\t\n\t\t\t\n\n\t\t<\/div>\n\n\t\t\n\n\t\t<div class=\"section-content relative\">\n\t\t\t\n\n<div class=\"row align-middle\"  id=\"row-129927300\">\n\n\n\t<div id=\"col-1872734463\" class=\"col text-column medium-12 small-12 large-5\"  >\n\t\t\t\t<div class=\"col-inner\"  >\n\t\t\t\n\t\t\t\n\n<h2>Our history<\/h2>\n<p>F\u00e4rna Herrg\u00e5rd was built in 1776 by Jacob Ramsell. The manor was given its present appearance in 1857 during the reign of Count Carl Johan von Hermansson. A lot has happened since then. The beautiful dining rooms remain and have been complemented by a bar, reception area and a lovely conservatory with a lounge to just hang out in.<\/p>\n<p>&nbsp;<\/p>\n<a href=\"https:\/\/farnaherrgard.se\/en\/about-farna\/history\/\" class=\"button secondary lowercase farna-btn\" >\n\t\t<span>Read more about our history<\/span>\n\t<\/a>\n\n\n\n\t\t<\/div>\n\t\t\t\t\t<\/div>\n\n\t\n\n\t<div id=\"col-68061884\" class=\"col medium-12 small-12 large-7 medium-col-first\"  data-animate=\"fadeInUp\">\n\t\t\t\t<div class=\"col-inner\"  >\n\t\t\t\n\t\t\t\n\n\n  <div class=\"banner has-hover\" id=\"banner-1757191106\">\n          <div class=\"banner-inner fill\">\n        <div class=\"banner-bg fill\" >\n                                                \n                    <\/div>\n\t\t\n        <div class=\"banner-layers container\">\n            <div class=\"fill banner-link\"><\/div>            \n\n\t<div class=\"img has-hover x100 md-x100 lg-x100 y50 md-y50 lg-y50\" id=\"image_387442852\">\n\t\t\t\t\t\t\t\t<div class=\"img-inner image-cover dark\" style=\"padding-top:110%;\">\n\t\t\t<img loading=\"lazy\" decoding=\"async\" width=\"450\" height=\"306\" src=\"https:\/\/farnaherrgard.se\/wp-content\/uploads\/2023\/01\/162069_farna_bruk_1880-2.jpg\" class=\"attachment-original size-original\" alt=\"\" srcset=\"https:\/\/farnaherrgard.se\/wp-content\/uploads\/2023\/01\/162069_farna_bruk_1880-2.jpg 450w, https:\/\/farnaherrgard.se\/wp-content\/uploads\/2023\/01\/162069_farna_bruk_1880-2-300x204.jpg 300w\" sizes=\"auto, (max-width: 450px) 100vw, 450px\" \/>\t\t\t\t\t\t\n\t\t\t\t\t<\/div>\n\t\t\t\t\t\t\t\t\n<style>\n#image_387442852 {\n  width: 60%;\n}\n@media (min-width:850px) {\n  #image_387442852 {\n    width: 75%;\n  }\n}\n<\/style>\n\t<\/div>\n\t\n\n\t<div class=\"img has-hover x0 md-x0 lg-x0 y95 md-y100 lg-y100\" id=\"image_835515018\">\n\t\t\t\t\t\t\t\t<div class=\"img-inner image-cover dark\" style=\"padding-top:100%;\">\n\t\t\t<img loading=\"lazy\" decoding=\"async\" width=\"1200\" height=\"903\" src=\"https:\/\/farnaherrgard.se\/wp-content\/uploads\/2023\/01\/farna-bruk.webp\" class=\"attachment-original size-original\" alt=\"\" srcset=\"https:\/\/farnaherrgard.se\/wp-content\/uploads\/2023\/01\/farna-bruk.webp 1200w, https:\/\/farnaherrgard.se\/wp-content\/uploads\/2023\/01\/farna-bruk-300x226.webp 300w, https:\/\/farnaherrgard.se\/wp-content\/uploads\/2023\/01\/farna-bruk-1024x771.webp 1024w, https:\/\/farnaherrgard.se\/wp-content\/uploads\/2023\/01\/farna-bruk-768x578.webp 768w\" sizes=\"auto, (max-width: 1200px) 100vw, 1200px\" \/>\t\t\t\t\t\t\n\t\t\t\t\t<\/div>\n\t\t\t\t\t\t\t\t\n<style>\n#image_835515018 {\n  width: 60%;\n}\n@media (min-width:850px) {\n  #image_835515018 {\n    width: 60%;\n  }\n}\n<\/style>\n\t<\/div>\n\t\n\n\n        <\/div>\n      <\/div>\n\n            \n<style>\n#banner-1757191106 {\n  padding-top: 67%;\n  background-color: rgba(255, 255, 255, 0);\n}\n@media (min-width:550px) {\n  #banner-1757191106 {\n    padding-top: 700px;\n  }\n}\n<\/style>\n  <\/div>\n\n\n\n\t\t<\/div>\n\t\t\t\t\t<\/div>\n\n\t\n\n<\/div>\n\n\t\t<\/div>\n\n\t\t\n<style>\n#section_1689666281 {\n  padding-top: 30px;\n  padding-bottom: 30px;\n  background-color: rgb(92, 115, 115);\n}\n<\/style>\n\t<\/section>\n\t\n\n\t<section class=\"section has-parallax\" id=\"section_149458651\">\n\t\t<div class=\"section-bg fill\" data-parallax-container=\".section\" data-parallax-background data-parallax=\"-9\">\n\t\t\t<img loading=\"lazy\" decoding=\"async\" width=\"1920\" height=\"1262\" src=\"https:\/\/farnaherrgard.se\/wp-content\/uploads\/2022\/12\/farna-herrgard.webp\" class=\"bg attachment-original size-original\" alt=\"\" \/>\t\t\t\t\t\t\n\t\t\t\n\n\t\t<\/div>\n\n\t\t\n\n\t\t<div class=\"section-content relative\">\n\t\t\t\n\n\n\t\t<\/div>\n\n\t\t\n<style>\n#section_149458651 {\n  padding-top: 0px;\n  padding-bottom: 0px;\n  min-height: 250px;\n}\n#section_149458651 .section-bg img {\n  object-position: 56% 52%;\n}\n@media (min-width:550px) {\n  #section_149458651 {\n    min-height: 500px;\n  }\n}\n<\/style>\n\t<\/section>\n\t\n\n\t<section class=\"section col-section\" id=\"section_806899281\">\n\t\t<div class=\"section-bg fill\" >\n\t\t\t\t\t\t\t\t\t\n\t\t\t\n\n\t\t<\/div>\n\n\t\t\n\n\t\t<div class=\"section-content relative\">\n\t\t\t\n\n<div class=\"row align-middle\"  id=\"row-794121128\">\n\n\n\t<div id=\"col-2137049237\" class=\"col hide-for-small medium-12 small-12 large-7\"  data-animate=\"fadeInLeft\">\n\t\t\t\t<div class=\"col-inner\"  >\n\t\t\t\n\t\t\t\n\n\t<div class=\"img has-hover x md-x lg-x y md-y lg-y\" id=\"image_1897415621\">\n\t\t\t\t\t\t\t\t<div class=\"img-inner image-cover dark\" style=\"padding-top:75%;\">\n\t\t\t<img loading=\"lazy\" decoding=\"async\" width=\"1440\" height=\"1920\" src=\"https:\/\/farnaherrgard.se\/wp-content\/uploads\/2025\/06\/Ewa-rabarber.jpeg\" class=\"attachment-original size-original\" alt=\"\" srcset=\"https:\/\/farnaherrgard.se\/wp-content\/uploads\/2025\/06\/Ewa-rabarber.jpeg 1440w, https:\/\/farnaherrgard.se\/wp-content\/uploads\/2025\/06\/Ewa-rabarber-225x300.jpeg 225w, https:\/\/farnaherrgard.se\/wp-content\/uploads\/2025\/06\/Ewa-rabarber-768x1024.jpeg 768w, https:\/\/farnaherrgard.se\/wp-content\/uploads\/2025\/06\/Ewa-rabarber-1152x1536.jpeg 1152w\" sizes=\"auto, (max-width: 1440px) 100vw, 1440px\" \/>\t\t\t\t\t\t\n\t\t\t\t\t<\/div>\n\t\t\t\t\t\t\t\t\n<style>\n#image_1897415621 {\n  width: 100%;\n}\n<\/style>\n\t<\/div>\n\t\n\n\n\t\t<\/div>\n\t\t\t\t\t<\/div>\n\n\t\n\n\t<div id=\"col-859323197\" class=\"col text-column medium-12 small-12 large-5\"  data-animate=\"fadeInRight\">\n\t\t\t\t<div class=\"col-inner\"  >\n\t\t\t\n\t\t\t\n\n<h2>Sustainability at F\u00e4rna<\/h2>\n<p>At F\u00e4rna, we always work towards being a sustainable choice for our employees, our guests and for our society. With us, this is a natural step in our business to contribute to sustainable development and minimize the impact on the future of our next generation.<\/p>\n<a href=\"https:\/\/farnaherrgard.se\/om-farna\/det-grona-farna\/\" class=\"button primary lowercase farna-btn\" >\n\t\t<span>Read more about our sustainability work<\/span>\n\t<\/a>\n\n\n\n\t\t<\/div>\n\t\t\t\t\t<\/div>\n\n\t\n\n<\/div>\n\n\t\t<\/div>\n\n\t\t\n<style>\n#section_806899281 {\n  padding-top: 30px;\n  padding-bottom: 30px;\n  background-color: rgb(255, 255, 255);\n}\n<\/style>\n\t<\/section>\n\t\n\n\t<section class=\"section col-section bg-half\" id=\"section_931344975\">\n\t\t<div class=\"section-bg fill\" >\n\t\t\t\t\t\t\t\t\t\n\t\t\t\n\n\t\t<\/div>\n\n\t\t\n\n\t\t<div class=\"section-content relative\">\n\t\t\t\n\n<div class=\"row align-middle\"  id=\"row-203014677\">\n\n\n\t<div id=\"col-663536694\" class=\"col text-column medium-12 small-12 large-6 medium-col-first\"  data-animate=\"fadeInLeft\">\n\t\t\t\t<div class=\"col-inner\"  >\n\t\t\t\n\t\t\t\n\n\t<div id=\"text-2074206029\" class=\"text\">\n\t\t\n\n<h2>Work with us<\/h2>\n<p>Are you someone who loves to create unforgettable stays for guests and wants to work in a beautiful environment with wonderful colleagues? Maybe your next dream job is here with us.<\/p>\n\t\t\n<style>\n#text-2074206029 {\n  color: rgb(255, 255, 255);\n}\n#text-2074206029 > * {\n  color: rgb(255, 255, 255);\n}\n<\/style>\n\t<\/div>\n\t\n<a href=\"https:\/\/farnaherrgard.se\/en\/about-farna\/work-with-us\/\" class=\"button secondary lowercase farna-btn\" >\n\t\t<span>Read more<\/span>\n\t<\/a>\n\n\n\n\t\t<\/div>\n\t\t\t\t\t<\/div>\n\n\t\n\n\t<div id=\"col-2099425286\" class=\"col medium-12 small-12 large-6\"  >\n\t\t\t\t<div class=\"col-inner\"  >\n\t\t\t\n\t\t\t\n\n\n\t\t<\/div>\n\t\t\t\t\t<\/div>\n\n\t\n\n<\/div>\n\n\t\t<\/div>\n\n\t\t\n<style>\n#section_931344975 {\n  padding-top: 30px;\n  padding-bottom: 30px;\n  background-color: #013739;\n}\n#section_931344975 .section-bg img {\n  object-position: 100% 69%;\n}\n<\/style>\n\t<\/section>\n\t\n\n","protected":false},"excerpt":{"rendered":"","protected":false},"author":1,"featured_media":0,"parent":0,"menu_order":9,"comment_status":"closed","ping_status":"closed","template":"page-blank.php","meta":{"_acf_changed":false,"footnotes":""},"class_list":["post-2246","page","type-page","status-publish","hentry"],"acf":[],"_links":{"self":[{"href":"https:\/\/farnaherrgard.se\/en\/wp-json\/wp\/v2\/pages\/2246","targetHints":{"allow":["GET"]}}],"collection":[{"href":"https:\/\/farnaherrgard.se\/en\/wp-json\/wp\/v2\/pages"}],"about":[{"href":"https:\/\/farnaherrgard.se\/en\/wp-json\/wp\/v2\/types\/page"}],"author":[{"embeddable":true,"href":"https:\/\/farnaherrgard.se\/en\/wp-json\/wp\/v2\/users\/1"}],"replies":[{"embeddable":true,"href":"https:\/\/farnaherrgard.se\/en\/wp-json\/wp\/v2\/comments?post=2246"}],"version-history":[{"count":58,"href":"https:\/\/farnaherrgard.se\/en\/wp-json\/wp\/v2\/pages\/2246\/revisions"}],"predecessor-version":[{"id":4913,"href":"https:\/\/farnaherrgard.se\/en\/wp-json\/wp\/v2\/pages\/2246\/revisions\/4913"}],"wp:attachment":[{"href":"https:\/\/farnaherrgard.se\/en\/wp-json\/wp\/v2\/media?parent=2246"}],"curies":[{"name":"wp","href":"https:\/\/api.w.org\/{rel}","templated":true}]}}